{"id":239,"date":"2012-11-25T08:48:28","date_gmt":"2012-11-25T06:48:28","guid":{"rendered":"http:\/\/www.ventbunkers.lv\/?page_id=239"},"modified":"2026-01-23T12:54:56","modified_gmt":"2026-01-23T09:54:56","slug":"vides-aizsardziba","status":"publish","type":"page","link":"https:\/\/www.ventbunkers.lv\/index.php\/ventbunkers-apraksts\/kvalitates-un-vides-politika\/vides-aizsardziba\/","title":{"rendered":"Vides aizsardz\u012bba"},"content":{"rendered":"<p>Atbilsto\u0161i likumdo\u0161anas normat\u012bvo aktu pras\u012bb\u0101m, AS \u201cVentbunkers\u201d ir sa\u0146\u0113musi Ventspils re\u0123ion\u0101l\u0101 vides p\u0101rvaldes at\u013cauju B kategorijas pies\u0101r\u0146ojo\u0161ai darb\u012bbai Nr. VE 09 IB 0051 ar nosac\u012bjumiem saimniecisk\u0101s darb\u012bbas veik\u0161anai, resursu izmanto\u0161anai, gaisa aizsardz\u012bbai, notek\u016bde\u0146u att\u012br\u012b\u0161anai, novad\u012b\u0161anai un atkritumu apsaimnieko\u0161anai.<\/p>\n<p>&nbsp;<\/p>\n<p>AS \u201cVentbunkers\u201d atbilsto\u0161i ieviestajai kvalit\u0101tes un vides p\u0101rvald\u012bbas sist\u0113mai veiks pas\u0101kumus, lai samazin\u0101tu kait\u012bgo ietekmi uz vidi, nodro\u0161in\u0101tu nep\u0101rtrauktu att\u012bst\u012bbu un augstas kvalit\u0101tes pakalpojumu snieg\u0161anu saviem klientiem.<\/p>\n<p>AS \u201cVentbunkers\u201c liela da\u013ca veikto un pl\u0101noto pas\u0101kumu pamat\u0101 ir v\u0113rsti uz dro\u0161\u012bbu un gatav\u012bbu \u0101tri rea\u0123\u0113t \u0101rk\u0101rtas situ\u0101cij\u0101s, lai minimiz\u0113tu iesp\u0113jamo ietekmi\u00a0 apk\u0101rt\u0113jai videi un nodro\u0161in\u0101tu atbild\u012bgo dienestu nekav\u0113jo\u0161u r\u012bc\u012bbu.<\/p>\n<p>Uzlabojumi un pas\u0101kumi vides aizsardz\u012bbas jom\u0101:<\/p>\n<ul>\n<li>R\u016bpniecisk\u0101s kanaliz\u0101cijas kapit\u0101lais remonts 2. un 3. muli\u0146\u0101 \u00a0(lai nov\u0113rstu no tankku\u0123iem sav\u0101kto balasta, kravas tanku mazg\u0101\u0161anas un ma\u0161\u012bntelpu sate\u010du \u016bde\u0146u iesp\u0113jam\u0101s nopl\u016bdes grunts\u016bde\u0146os un grunt\u012b);<\/li>\n<li>Jaunas ugunsdz\u0113s\u012bbas sist\u0113mas uzst\u0101d\u012b\u0161ana, r\u016bpniecisko notek\u016bde\u0146u att\u012br\u012b\u0161anas da\u013c\u0101;<\/li>\n<li>Autom\u0101tisk\u0101s ugunsdz\u0113s\u012bbas sist\u0113mas rekonstrukcija 2 muli\u0146\u0101;<\/li>\n<li>Cauru\u013cvadu, manifoldu rekonstrukcija un veco mazuta rezervu\u0101ru siltin\u0101\u0161ana.<\/li>\n<\/ul>\n<p>Tehnolo\u0123isko procesu moderniz\u0101cija un dro\u0161\u012bbas sist\u0113mas uzlabo\u0161ana:<\/p>\n<ul>\n<li>Jaunie rezervu\u0101ri tiek celti ar betona aizsargvalni un izol\u0113tu pamatni<\/li>\n<li>Tiek celtas atkl\u0101ta tipa s\u016bk\u0146u stacijas un manifoldi<\/li>\n<li>Pie atkl\u0101tajiem s\u016bk\u0146u laukumiem tiek uzst\u0101d\u012btas video nov\u0113ro\u0161anas kameras<\/li>\n<li>Tehnolo\u0123iskie cauru\u013cvadi tiek izvietoti virszem\u0113<\/li>\n<li>Uzb\u016bv\u0113ta jauna, moderna dzelzce\u013ca vagoncisternu nolie\u0161anas estak\u0101de<\/li>\n<li>Uzb\u016bv\u0113ta jauna ugunsdz\u0113s\u012bbas s\u016bk\u0146u stacija ar automatiz\u0113tu vad\u012bbu.<\/li>\n<\/ul>\n<h2>Prevent\u012bvie pas\u0101kumi<\/h2>\n<p>Papildus tehnolo\u0123iskajiem uzlabojumiem un moderniz\u0101cijai, AS \u201eVentbunkers\u201d veic regul\u0101ros vides aizsardz\u012bbas darbus un pilda valsts p\u0101rraudz\u012bbas instit\u016bciju nor\u0101d\u012bjumus un ties\u012bbu aktu pras\u012bbas:<\/p>\n<ul>\n<li>Sadz\u012bves atkritumu sav\u0101k\u0161anu<\/li>\n<li>Grunts\u016bde\u0146u kvalit\u0101tes monitoringu<\/li>\n<li>Notek\u016bde\u0146u kvalit\u0101tes monitoringu<\/li>\n<li>Emisiju monitoringu<\/li>\n<li>Augsnes san\u0101cijas darbus Sabiedr\u012bbas teritorij\u0101 v\u0113sturisk\u0101 pies\u0101r\u0146ojuma samazin\u0101\u0161anai.<\/li>\n<\/ul>\n<p><\/p>","protected":false},"excerpt":{"rendered":"<p>Atbilsto\u0161i likumdo\u0161anas normat\u012bvo aktu pras\u012bb\u0101m, AS \u201cVentbunkers\u201d ir sa\u0146\u0113musi Ventspils re\u0123ion\u0101l\u0101 vides p\u0101rvaldes at\u013cauju B kategorijas pies\u0101r\u0146ojo\u0161ai darb\u012bbai Nr. VE 09 IB 0051 ar nosac\u012bjumiem saimniecisk\u0101s darb\u012bbas veik\u0161anai, resursu izmanto\u0161anai, gaisa aizsardz\u012bbai, notek\u016bde\u0146u att\u012br\u012b\u0161anai, novad\u012b\u0161anai un atkritumu apsaimnieko\u0161anai. &nbsp; AS &hellip;<\/p>\n","protected":false},"author":5,"featured_media":0,"parent":187,"menu_order":0,"comment_status":"open","ping_status":"open","template":"","meta":{"_acf_changed":false,"footnotes":""},"class_list":["post-239","page","type-page","status-publish","hentry"],"acf":[],"yoast_head":"<!-- This site is optimized with the Yoast SEO plugin v27.2 - https:\/\/yoast.com\/product\/yoast-seo-wordpress\/ -->\r\n<title>Vides aizsardz\u012bba - Ventbunkers<\/title>\r\n<meta name=\"robots\" content=\"index, follow, max-snippet:-1, max-image-preview:large, max-video-preview:-1\" \/>\r\n<link rel=\"canonical\" href=\"https:\/\/www.ventbunkers.lv\/index.php\/ventbunkers-apraksts\/kvalitates-un-vides-politika\/vides-aizsardziba\/\" \/>\r\n<meta property=\"og:locale\" content=\"lv_LV\" \/>\r\n<meta property=\"og:type\" content=\"article\" \/>\r\n<meta property=\"og:title\" content=\"Vides aizsardz\u012bba - Ventbunkers\" \/>\r\n<meta property=\"og:description\" content=\"Atbilsto\u0161i likumdo\u0161anas normat\u012bvo aktu pras\u012bb\u0101m, AS \u201cVentbunkers\u201d ir sa\u0146\u0113musi Ventspils re\u0123ion\u0101l\u0101 vides p\u0101rvaldes at\u013cauju B kategorijas pies\u0101r\u0146ojo\u0161ai darb\u012bbai Nr. VE 09 IB 0051 ar nosac\u012bjumiem saimniecisk\u0101s darb\u012bbas veik\u0161anai, resursu izmanto\u0161anai, gaisa aizsardz\u012bbai, notek\u016bde\u0146u att\u012br\u012b\u0161anai, novad\u012b\u0161anai un atkritumu apsaimnieko\u0161anai. &nbsp; AS &hellip;\" \/>\r\n<meta property=\"og:url\" content=\"https:\/\/www.ventbunkers.lv\/index.php\/ventbunkers-apraksts\/kvalitates-un-vides-politika\/vides-aizsardziba\/\" \/>\r\n<meta property=\"og:site_name\" content=\"Ventbunkers\" \/>\r\n<meta property=\"article:modified_time\" content=\"2026-01-23T09:54:56+00:00\" \/>\r\n<meta name=\"twitter:card\" content=\"summary_large_image\" \/>\r\n<meta name=\"twitter:label1\" content=\"Est. reading time\" \/>\n\t<meta name=\"twitter:data1\" content=\"1 minute\" \/>\r\n<script type=\"application\/ld+json\" class=\"yoast-schema-graph\">{\"@context\":\"https:\/\/schema.org\",\"@graph\":[{\"@type\":\"WebPage\",\"@id\":\"https:\/\/www.ventbunkers.lv\/index.php\/ventbunkers-apraksts\/kvalitates-un-vides-politika\/vides-aizsardziba\/\",\"url\":\"https:\/\/www.ventbunkers.lv\/index.php\/ventbunkers-apraksts\/kvalitates-un-vides-politika\/vides-aizsardziba\/\",\"name\":\"Vides aizsardz\u012bba - Ventbunkers\",\"isPartOf\":{\"@id\":\"https:\/\/www.ventbunkers.lv\/#website\"},\"datePublished\":\"2012-11-25T06:48:28+00:00\",\"dateModified\":\"2026-01-23T09:54:56+00:00\",\"breadcrumb\":{\"@id\":\"https:\/\/www.ventbunkers.lv\/index.php\/ventbunkers-apraksts\/kvalitates-un-vides-politika\/vides-aizsardziba\/#breadcrumb\"},\"inLanguage\":\"lv-LV\",\"potentialAction\":[{\"@type\":\"ReadAction\",\"target\":[[\"https:\/\/www.ventbunkers.lv\/index.php\/ventbunkers-apraksts\/kvalitates-un-vides-politika\/vides-aizsardziba\/\"]]}]},{\"@type\":\"BreadcrumbList\",\"@id\":\"https:\/\/www.ventbunkers.lv\/index.php\/ventbunkers-apraksts\/kvalitates-un-vides-politika\/vides-aizsardziba\/#breadcrumb\",\"itemListElement\":[{\"@type\":\"ListItem\",\"position\":1,\"name\":\"Home\",\"item\":\"https:\/\/www.ventbunkers.lv\/\"},{\"@type\":\"ListItem\",\"position\":2,\"name\":\"Ventbunkers apraksts\",\"item\":\"https:\/\/www.ventbunkers.lv\/index.php\/ventbunkers-apraksts\/\"},{\"@type\":\"ListItem\",\"position\":3,\"name\":\"\u041f\u043e\u043b\u0438\u0442\u0438\u043a\u0430 \u043a\u0430\u0447\u0435\u0441\u0442\u0432\u0430 \u0438 \u043e\u043a\u0440\u0443\u0436\u0430\u044e\u0449\u0435\u0439 \u0441\u0440\u0435\u0434\u044b\",\"item\":\"https:\/\/www.ventbunkers.lv\/index.php\/ventbunkers-apraksts\/kvalitates-un-vides-politika\/\"},{\"@type\":\"ListItem\",\"position\":4,\"name\":\"Vides aizsardz\u012bba\"}]},{\"@type\":\"WebSite\",\"@id\":\"https:\/\/www.ventbunkers.lv\/#website\",\"url\":\"https:\/\/www.ventbunkers.lv\/\",\"name\":\"Ventbunkers\",\"description\":\"Ventbunkers - Ventspils\",\"potentialAction\":[{\"@type\":\"SearchAction\",\"target\":{\"@type\":\"EntryPoint\",\"urlTemplate\":\"https:\/\/www.ventbunkers.lv\/?s={search_term_string}\"},\"query-input\":{\"@type\":\"PropertyValueSpecification\",\"valueRequired\":true,\"valueName\":\"search_term_string\"}}],\"inLanguage\":\"lv-LV\"}]}<\/script>\r\n<!-- \/ Yoast SEO plugin. -->","yoast_head_json":{"title":"Vides aizsardz\u012bba - Ventbunkers","robots":{"index":"index","follow":"follow","max-snippet":"max-snippet:-1","max-image-preview":"max-image-preview:large","max-video-preview":"max-video-preview:-1"},"canonical":"https:\/\/www.ventbunkers.lv\/index.php\/ventbunkers-apraksts\/kvalitates-un-vides-politika\/vides-aizsardziba\/","og_locale":"lv_LV","og_type":"article","og_title":"Vides aizsardz\u012bba - Ventbunkers","og_description":"Atbilsto\u0161i likumdo\u0161anas normat\u012bvo aktu pras\u012bb\u0101m, AS \u201cVentbunkers\u201d ir sa\u0146\u0113musi Ventspils re\u0123ion\u0101l\u0101 vides p\u0101rvaldes at\u013cauju B kategorijas pies\u0101r\u0146ojo\u0161ai darb\u012bbai Nr. VE 09 IB 0051 ar nosac\u012bjumiem saimniecisk\u0101s darb\u012bbas veik\u0161anai, resursu izmanto\u0161anai, gaisa aizsardz\u012bbai, notek\u016bde\u0146u att\u012br\u012b\u0161anai, novad\u012b\u0161anai un atkritumu apsaimnieko\u0161anai. &nbsp; AS &hellip;","og_url":"https:\/\/www.ventbunkers.lv\/index.php\/ventbunkers-apraksts\/kvalitates-un-vides-politika\/vides-aizsardziba\/","og_site_name":"Ventbunkers","article_modified_time":"2026-01-23T09:54:56+00:00","twitter_card":"summary_large_image","twitter_misc":{"Est. reading time":"1 minute"},"schema":{"@context":"https:\/\/schema.org","@graph":[{"@type":"WebPage","@id":"https:\/\/www.ventbunkers.lv\/index.php\/ventbunkers-apraksts\/kvalitates-un-vides-politika\/vides-aizsardziba\/","url":"https:\/\/www.ventbunkers.lv\/index.php\/ventbunkers-apraksts\/kvalitates-un-vides-politika\/vides-aizsardziba\/","name":"Vides aizsardz\u012bba - Ventbunkers","isPartOf":{"@id":"https:\/\/www.ventbunkers.lv\/#website"},"datePublished":"2012-11-25T06:48:28+00:00","dateModified":"2026-01-23T09:54:56+00:00","breadcrumb":{"@id":"https:\/\/www.ventbunkers.lv\/index.php\/ventbunkers-apraksts\/kvalitates-un-vides-politika\/vides-aizsardziba\/#breadcrumb"},"inLanguage":"lv-LV","potentialAction":[{"@type":"ReadAction","target":[["https:\/\/www.ventbunkers.lv\/index.php\/ventbunkers-apraksts\/kvalitates-un-vides-politika\/vides-aizsardziba\/"]]}]},{"@type":"BreadcrumbList","@id":"https:\/\/www.ventbunkers.lv\/index.php\/ventbunkers-apraksts\/kvalitates-un-vides-politika\/vides-aizsardziba\/#breadcrumb","itemListElement":[{"@type":"ListItem","position":1,"name":"Home","item":"https:\/\/www.ventbunkers.lv\/"},{"@type":"ListItem","position":2,"name":"Ventbunkers apraksts","item":"https:\/\/www.ventbunkers.lv\/index.php\/ventbunkers-apraksts\/"},{"@type":"ListItem","position":3,"name":"\u041f\u043e\u043b\u0438\u0442\u0438\u043a\u0430 \u043a\u0430\u0447\u0435\u0441\u0442\u0432\u0430 \u0438 \u043e\u043a\u0440\u0443\u0436\u0430\u044e\u0449\u0435\u0439 \u0441\u0440\u0435\u0434\u044b","item":"https:\/\/www.ventbunkers.lv\/index.php\/ventbunkers-apraksts\/kvalitates-un-vides-politika\/"},{"@type":"ListItem","position":4,"name":"Vides aizsardz\u012bba"}]},{"@type":"WebSite","@id":"https:\/\/www.ventbunkers.lv\/#website","url":"https:\/\/www.ventbunkers.lv\/","name":"Ventbunkers","description":"Ventbunkers - Ventspils","potentialAction":[{"@type":"SearchAction","target":{"@type":"EntryPoint","urlTemplate":"https:\/\/www.ventbunkers.lv\/?s={search_term_string}"},"query-input":{"@type":"PropertyValueSpecification","valueRequired":true,"valueName":"search_term_string"}}],"inLanguage":"lv-LV"}]}},"_links":{"self":[{"href":"https:\/\/www.ventbunkers.lv\/index.php\/wp-json\/wp\/v2\/pages\/239","targetHints":{"allow":["GET"]}}],"collection":[{"href":"https:\/\/www.ventbunkers.lv\/index.php\/wp-json\/wp\/v2\/pages"}],"about":[{"href":"https:\/\/www.ventbunkers.lv\/index.php\/wp-json\/wp\/v2\/types\/page"}],"author":[{"embeddable":true,"href":"https:\/\/www.ventbunkers.lv\/index.php\/wp-json\/wp\/v2\/users\/5"}],"replies":[{"embeddable":true,"href":"https:\/\/www.ventbunkers.lv\/index.php\/wp-json\/wp\/v2\/comments?post=239"}],"version-history":[{"count":0,"href":"https:\/\/www.ventbunkers.lv\/index.php\/wp-json\/wp\/v2\/pages\/239\/revisions"}],"up":[{"embeddable":true,"href":"https:\/\/www.ventbunkers.lv\/index.php\/wp-json\/wp\/v2\/pages\/187"}],"wp:attachment":[{"href":"https:\/\/www.ventbunkers.lv\/index.php\/wp-json\/wp\/v2\/media?parent=239"}],"curies":[{"name":"wp","href":"https:\/\/api.w.org\/{rel}","templated":true}]}}