{"id":218,"date":"2012-11-25T08:16:49","date_gmt":"2012-11-25T06:16:49","guid":{"rendered":"http:\/\/www.ventbunkers.lv\/?page_id=218"},"modified":"2013-02-04T15:13:14","modified_gmt":"2013-02-04T13:13:14","slug":"sadarbibas-piedavajumi","status":"publish","type":"page","link":"https:\/\/www.ventbunkers.lv\/index.php\/sadarbibas-piedavajumi\/","title":{"rendered":"Sadarb\u012bbas pied\u0101v\u0101jumi"},"content":{"rendered":"<p><\/p>\n<p><p>Ja uzskat\u0101t AS \u201eVentbunkers\u201d sniegtos pakalpojumus par sev piem\u0113rotiem, sazinieties ar mums, lai preciz\u0113tu to nosac\u012bjumus.<\/p>\n<p>Ja v\u0113laties pied\u0101v\u0101t savus pakalpojumus vai preci, nos\u016btiet mums uz <a href=\"mailto:ventbunkers@ventbunkers.lv\">e-pasta adresi<\/a> savu pied\u0101v\u0101jumu.\u00a0<\/p>\n<p>&nbsp;<\/p>\n<h2>AS &#8220;Ventbunkers&#8221; birojs<\/h2>\n<p>Dzintaru iela 92, Ventspils, LV-3602, Latvija<br \/>Telefona numurs: +371 636 02501<br \/>Fakss: +371 636 02504<br \/>E-pasts: ventbunkers@ventbunkers.lv<\/p>\n<p>&nbsp;<\/p>\n<p>&nbsp;<\/p>\n<p>&nbsp;<\/p>\n<\/p>\n<p><\/p>","protected":false},"excerpt":{"rendered":"<p>Ja uzskat\u0101t AS \u201eVentbunkers\u201d sniegtos pakalpojumus par sev piem\u0113rotiem, sazinieties ar mums, lai preciz\u0113tu to nosac\u012bjumus. Ja v\u0113laties pied\u0101v\u0101t savus pakalpojumus vai preci, nos\u016btiet mums uz e-pasta adresi savu pied\u0101v\u0101jumu.\u00a0 &nbsp; AS &#8220;Ventbunkers&#8221; birojs Dzintaru iela 92, Ventspils, LV-3602, LatvijaTelefona &hellip;<\/p>\n","protected":false},"author":5,"featured_media":0,"parent":0,"menu_order":0,"comment_status":"open","ping_status":"open","template":"","meta":{"_acf_changed":false,"footnotes":""},"class_list":["post-218","page","type-page","status-publish","hentry"],"acf":[],"yoast_head":"<!-- This site is optimized with the Yoast SEO plugin v27.2 - https:\/\/yoast.com\/product\/yoast-seo-wordpress\/ -->\r\n<title>Sadarb\u012bbas pied\u0101v\u0101jumi - Ventbunkers<\/title>\r\n<meta name=\"robots\" content=\"index, follow, max-snippet:-1, max-image-preview:large, max-video-preview:-1\" \/>\r\n<link rel=\"canonical\" href=\"https:\/\/www.ventbunkers.lv\/index.php\/sadarbibas-piedavajumi\/\" \/>\r\n<meta property=\"og:locale\" content=\"lv_LV\" \/>\r\n<meta property=\"og:type\" content=\"article\" \/>\r\n<meta property=\"og:title\" content=\"Sadarb\u012bbas pied\u0101v\u0101jumi - Ventbunkers\" \/>\r\n<meta property=\"og:description\" content=\"Ja uzskat\u0101t AS \u201eVentbunkers\u201d sniegtos pakalpojumus par sev piem\u0113rotiem, sazinieties ar mums, lai preciz\u0113tu to nosac\u012bjumus. Ja v\u0113laties pied\u0101v\u0101t savus pakalpojumus vai preci, nos\u016btiet mums uz e-pasta adresi savu pied\u0101v\u0101jumu.\u00a0 &nbsp; AS &#8220;Ventbunkers&#8221; birojs Dzintaru iela 92, Ventspils, LV-3602, LatvijaTelefona &hellip;\" \/>\r\n<meta property=\"og:url\" content=\"https:\/\/www.ventbunkers.lv\/index.php\/sadarbibas-piedavajumi\/\" \/>\r\n<meta property=\"og:site_name\" content=\"Ventbunkers\" \/>\r\n<meta property=\"article:modified_time\" content=\"2013-02-04T13:13:14+00:00\" \/>\r\n<meta name=\"twitter:card\" content=\"summary_large_image\" \/>\r\n<meta name=\"twitter:label1\" content=\"Est. reading time\" \/>\n\t<meta name=\"twitter:data1\" content=\"1 minute\" \/>\r\n<script type=\"application\/ld+json\" class=\"yoast-schema-graph\">{\"@context\":\"https:\/\/schema.org\",\"@graph\":[{\"@type\":\"WebPage\",\"@id\":\"https:\/\/www.ventbunkers.lv\/index.php\/sadarbibas-piedavajumi\/\",\"url\":\"https:\/\/www.ventbunkers.lv\/index.php\/sadarbibas-piedavajumi\/\",\"name\":\"Sadarb\u012bbas pied\u0101v\u0101jumi - Ventbunkers\",\"isPartOf\":{\"@id\":\"https:\/\/www.ventbunkers.lv\/#website\"},\"datePublished\":\"2012-11-25T06:16:49+00:00\",\"dateModified\":\"2013-02-04T13:13:14+00:00\",\"breadcrumb\":{\"@id\":\"https:\/\/www.ventbunkers.lv\/index.php\/sadarbibas-piedavajumi\/#breadcrumb\"},\"inLanguage\":\"lv-LV\",\"potentialAction\":[{\"@type\":\"ReadAction\",\"target\":[[\"https:\/\/www.ventbunkers.lv\/index.php\/sadarbibas-piedavajumi\/\"]]}]},{\"@type\":\"BreadcrumbList\",\"@id\":\"https:\/\/www.ventbunkers.lv\/index.php\/sadarbibas-piedavajumi\/#breadcrumb\",\"itemListElement\":[{\"@type\":\"ListItem\",\"position\":1,\"name\":\"Home\",\"item\":\"https:\/\/www.ventbunkers.lv\/\"},{\"@type\":\"ListItem\",\"position\":2,\"name\":\"(LV) Sadarb\u012bbas pied\u0101v\u0101jumi\"}]},{\"@type\":\"WebSite\",\"@id\":\"https:\/\/www.ventbunkers.lv\/#website\",\"url\":\"https:\/\/www.ventbunkers.lv\/\",\"name\":\"Ventbunkers\",\"description\":\"Ventbunkers - Ventspils\",\"potentialAction\":[{\"@type\":\"SearchAction\",\"target\":{\"@type\":\"EntryPoint\",\"urlTemplate\":\"https:\/\/www.ventbunkers.lv\/?s={search_term_string}\"},\"query-input\":{\"@type\":\"PropertyValueSpecification\",\"valueRequired\":true,\"valueName\":\"search_term_string\"}}],\"inLanguage\":\"lv-LV\"}]}<\/script>\r\n<!-- \/ Yoast SEO plugin. -->","yoast_head_json":{"title":"Sadarb\u012bbas pied\u0101v\u0101jumi - Ventbunkers","robots":{"index":"index","follow":"follow","max-snippet":"max-snippet:-1","max-image-preview":"max-image-preview:large","max-video-preview":"max-video-preview:-1"},"canonical":"https:\/\/www.ventbunkers.lv\/index.php\/sadarbibas-piedavajumi\/","og_locale":"lv_LV","og_type":"article","og_title":"Sadarb\u012bbas pied\u0101v\u0101jumi - Ventbunkers","og_description":"Ja uzskat\u0101t AS \u201eVentbunkers\u201d sniegtos pakalpojumus par sev piem\u0113rotiem, sazinieties ar mums, lai preciz\u0113tu to nosac\u012bjumus. Ja v\u0113laties pied\u0101v\u0101t savus pakalpojumus vai preci, nos\u016btiet mums uz e-pasta adresi savu pied\u0101v\u0101jumu.\u00a0 &nbsp; AS &#8220;Ventbunkers&#8221; birojs Dzintaru iela 92, Ventspils, LV-3602, LatvijaTelefona &hellip;","og_url":"https:\/\/www.ventbunkers.lv\/index.php\/sadarbibas-piedavajumi\/","og_site_name":"Ventbunkers","article_modified_time":"2013-02-04T13:13:14+00:00","twitter_card":"summary_large_image","twitter_misc":{"Est. reading time":"1 minute"},"schema":{"@context":"https:\/\/schema.org","@graph":[{"@type":"WebPage","@id":"https:\/\/www.ventbunkers.lv\/index.php\/sadarbibas-piedavajumi\/","url":"https:\/\/www.ventbunkers.lv\/index.php\/sadarbibas-piedavajumi\/","name":"Sadarb\u012bbas pied\u0101v\u0101jumi - Ventbunkers","isPartOf":{"@id":"https:\/\/www.ventbunkers.lv\/#website"},"datePublished":"2012-11-25T06:16:49+00:00","dateModified":"2013-02-04T13:13:14+00:00","breadcrumb":{"@id":"https:\/\/www.ventbunkers.lv\/index.php\/sadarbibas-piedavajumi\/#breadcrumb"},"inLanguage":"lv-LV","potentialAction":[{"@type":"ReadAction","target":[["https:\/\/www.ventbunkers.lv\/index.php\/sadarbibas-piedavajumi\/"]]}]},{"@type":"BreadcrumbList","@id":"https:\/\/www.ventbunkers.lv\/index.php\/sadarbibas-piedavajumi\/#breadcrumb","itemListElement":[{"@type":"ListItem","position":1,"name":"Home","item":"https:\/\/www.ventbunkers.lv\/"},{"@type":"ListItem","position":2,"name":"(LV) Sadarb\u012bbas pied\u0101v\u0101jumi"}]},{"@type":"WebSite","@id":"https:\/\/www.ventbunkers.lv\/#website","url":"https:\/\/www.ventbunkers.lv\/","name":"Ventbunkers","description":"Ventbunkers - Ventspils","potentialAction":[{"@type":"SearchAction","target":{"@type":"EntryPoint","urlTemplate":"https:\/\/www.ventbunkers.lv\/?s={search_term_string}"},"query-input":{"@type":"PropertyValueSpecification","valueRequired":true,"valueName":"search_term_string"}}],"inLanguage":"lv-LV"}]}},"_links":{"self":[{"href":"https:\/\/www.ventbunkers.lv\/index.php\/wp-json\/wp\/v2\/pages\/218","targetHints":{"allow":["GET"]}}],"collection":[{"href":"https:\/\/www.ventbunkers.lv\/index.php\/wp-json\/wp\/v2\/pages"}],"about":[{"href":"https:\/\/www.ventbunkers.lv\/index.php\/wp-json\/wp\/v2\/types\/page"}],"author":[{"embeddable":true,"href":"https:\/\/www.ventbunkers.lv\/index.php\/wp-json\/wp\/v2\/users\/5"}],"replies":[{"embeddable":true,"href":"https:\/\/www.ventbunkers.lv\/index.php\/wp-json\/wp\/v2\/comments?post=218"}],"version-history":[{"count":0,"href":"https:\/\/www.ventbunkers.lv\/index.php\/wp-json\/wp\/v2\/pages\/218\/revisions"}],"wp:attachment":[{"href":"https:\/\/www.ventbunkers.lv\/index.php\/wp-json\/wp\/v2\/media?parent=218"}],"curies":[{"name":"wp","href":"https:\/\/api.w.org\/{rel}","templated":true}]}}