{"id":209,"date":"2012-11-25T08:09:03","date_gmt":"2012-11-25T06:09:03","guid":{"rendered":"http:\/\/www.ventbunkers.lv\/?page_id=209"},"modified":"2013-02-04T15:09:11","modified_gmt":"2013-02-04T13:09:11","slug":"piestatnu-servisa-pakalpojumi","status":"publish","type":"page","link":"https:\/\/www.ventbunkers.lv\/index.php\/pakalpojumi\/piestatnu-servisa-pakalpojumi\/","title":{"rendered":"Piest\u0101t\u0146u servisa pakalpojumi"},"content":{"rendered":"<p><\/p>\n<p>AS \u201eVentbunkers\u201d atrodas Ventspils br\u012bvostas teritorij\u0101, neaizsalsto\u0161\u0101s Baltijas j\u016bras ost\u0101, ar iesp\u0113ju pie\u0146emt liel\u0101kos AFRAMAX tipa ku\u0123us ar kravnes\u012bbu l\u012bdz pat 150 000 DWT, k\u0101di var ien\u0101kt Baltijas j\u016br\u0101.<\/p>\n<p>&nbsp;<\/p>\n<p>Naftas un naftas produktu p\u0101rkrau\u0161ana tankku\u0123os Ventspils br\u012bvost\u0101 tiek organiz\u0113ta no diviem divpus\u0113ji izmantojamiem muli\u0146iem ar \u0161\u0101du raksturojumu:<\/p>\n<ul>\n<li>otrais muli\u0146\u0161 344 m gar\u0161, dzi\u013cums &#8211; 13,5 m,<\/li>\n<li>tre\u0161ais muli\u0146\u0161 360 m gar\u0161, dzi\u013cums &#8211; 17,2 m.<\/li>\n<\/ul>\n<p>&nbsp;<\/p>\n<p>P\u0101rkrau\u0161anas veids: <strong>uz\/no tankku\u0123iem<\/strong>.\u00a0<\/p>\n<p>Piest\u0101t\u0146u skaits: <strong>4 piest\u0101tnes<\/strong>.\u00a0<\/p>\n<p>&nbsp;<\/p>\n<p>Pakalpojuma veids: <strong>naftas produktu (d\u012bze\u013cdegviela, mazuts) p\u0101rkrau\u0161ana<\/strong>.<\/p>\n<p>Pie\u0146em\u0161anas veids: <strong>no vagoncistern\u0101m<\/strong>.\u00a0<\/p>\n<p>Vagoncisternu pie\u0146em\u0161anas skaits \u2013 <strong>92<\/strong>.\u00a0<\/p>\n<p>&nbsp;<\/p>\n<p>&nbsp;<\/p>\n<p>Kop\u0113j\u0101 teritorija: <strong>43 ha<\/strong>.<\/p>\n<p>Rezervu\u0101ru skaits \u2013 <strong>27<\/strong>.\u00a0<\/p>\n<p>Rezervu\u0101ru parka tilpums \u2013 <strong>355 000 m<\/strong><strong><sup>3<\/sup><\/strong> .<\/p>\n<p>Jauda: <strong>7 milj.t \/gad\u0101<\/strong><\/p>\n<p>Darbinieku skaits: vair\u0101k nek\u0101 <strong>300<\/strong> \u00a0<\/p>\n<div><strong><br \/><\/strong><\/div>\n<\/p>\n<p><\/p>","protected":false},"excerpt":{"rendered":"<p>AS \u201eVentbunkers\u201d atrodas Ventspils br\u012bvostas teritorij\u0101, neaizsalsto\u0161\u0101s Baltijas j\u016bras ost\u0101, ar iesp\u0113ju pie\u0146emt liel\u0101kos AFRAMAX tipa ku\u0123us ar kravnes\u012bbu l\u012bdz pat 150 000 DWT, k\u0101di var ien\u0101kt Baltijas j\u016br\u0101. &nbsp; Naftas un naftas produktu p\u0101rkrau\u0161ana tankku\u0123os Ventspils br\u012bvost\u0101 tiek organiz\u0113ta &hellip;<\/p>\n","protected":false},"author":5,"featured_media":0,"parent":14,"menu_order":0,"comment_status":"open","ping_status":"open","template":"","meta":{"_acf_changed":false,"footnotes":""},"class_list":["post-209","page","type-page","status-publish","hentry"],"acf":[],"yoast_head":"<!-- This site is optimized with the Yoast SEO plugin v27.2 - https:\/\/yoast.com\/product\/yoast-seo-wordpress\/ -->\r\n<title>Piest\u0101t\u0146u servisa pakalpojumi - Ventbunkers<\/title>\r\n<meta name=\"robots\" content=\"index, follow, max-snippet:-1, max-image-preview:large, max-video-preview:-1\" \/>\r\n<link rel=\"canonical\" href=\"https:\/\/www.ventbunkers.lv\/index.php\/pakalpojumi\/piestatnu-servisa-pakalpojumi\/\" \/>\r\n<meta property=\"og:locale\" content=\"lv_LV\" \/>\r\n<meta property=\"og:type\" content=\"article\" \/>\r\n<meta property=\"og:title\" content=\"Piest\u0101t\u0146u servisa pakalpojumi - Ventbunkers\" \/>\r\n<meta property=\"og:description\" content=\"AS \u201eVentbunkers\u201d atrodas Ventspils br\u012bvostas teritorij\u0101, neaizsalsto\u0161\u0101s Baltijas j\u016bras ost\u0101, ar iesp\u0113ju pie\u0146emt liel\u0101kos AFRAMAX tipa ku\u0123us ar kravnes\u012bbu l\u012bdz pat 150 000 DWT, k\u0101di var ien\u0101kt Baltijas j\u016br\u0101. &nbsp; Naftas un naftas produktu p\u0101rkrau\u0161ana tankku\u0123os Ventspils br\u012bvost\u0101 tiek organiz\u0113ta &hellip;\" \/>\r\n<meta property=\"og:url\" content=\"https:\/\/www.ventbunkers.lv\/index.php\/pakalpojumi\/piestatnu-servisa-pakalpojumi\/\" \/>\r\n<meta property=\"og:site_name\" content=\"Ventbunkers\" \/>\r\n<meta property=\"article:modified_time\" content=\"2013-02-04T13:09:11+00:00\" \/>\r\n<meta name=\"twitter:card\" content=\"summary_large_image\" \/>\r\n<meta name=\"twitter:label1\" content=\"Est. reading time\" \/>\n\t<meta name=\"twitter:data1\" content=\"2 minutes\" \/>\r\n<script type=\"application\/ld+json\" class=\"yoast-schema-graph\">{\"@context\":\"https:\/\/schema.org\",\"@graph\":[{\"@type\":\"WebPage\",\"@id\":\"https:\/\/www.ventbunkers.lv\/index.php\/pakalpojumi\/piestatnu-servisa-pakalpojumi\/\",\"url\":\"https:\/\/www.ventbunkers.lv\/index.php\/pakalpojumi\/piestatnu-servisa-pakalpojumi\/\",\"name\":\"Piest\u0101t\u0146u servisa pakalpojumi - Ventbunkers\",\"isPartOf\":{\"@id\":\"https:\/\/www.ventbunkers.lv\/#website\"},\"datePublished\":\"2012-11-25T06:09:03+00:00\",\"dateModified\":\"2013-02-04T13:09:11+00:00\",\"breadcrumb\":{\"@id\":\"https:\/\/www.ventbunkers.lv\/index.php\/pakalpojumi\/piestatnu-servisa-pakalpojumi\/#breadcrumb\"},\"inLanguage\":\"lv-LV\",\"potentialAction\":[{\"@type\":\"ReadAction\",\"target\":[[\"https:\/\/www.ventbunkers.lv\/index.php\/pakalpojumi\/piestatnu-servisa-pakalpojumi\/\"]]}]},{\"@type\":\"BreadcrumbList\",\"@id\":\"https:\/\/www.ventbunkers.lv\/index.php\/pakalpojumi\/piestatnu-servisa-pakalpojumi\/#breadcrumb\",\"itemListElement\":[{\"@type\":\"ListItem\",\"position\":1,\"name\":\"Home\",\"item\":\"https:\/\/www.ventbunkers.lv\/\"},{\"@type\":\"ListItem\",\"position\":2,\"name\":\"Pakalpojumi\",\"item\":\"https:\/\/www.ventbunkers.lv\/index.php\/pakalpojumi\/\"},{\"@type\":\"ListItem\",\"position\":3,\"name\":\"Piest\u0101t\u0146u servisa pakalpojumi\"}]},{\"@type\":\"WebSite\",\"@id\":\"https:\/\/www.ventbunkers.lv\/#website\",\"url\":\"https:\/\/www.ventbunkers.lv\/\",\"name\":\"Ventbunkers\",\"description\":\"Ventbunkers - Ventspils\",\"potentialAction\":[{\"@type\":\"SearchAction\",\"target\":{\"@type\":\"EntryPoint\",\"urlTemplate\":\"https:\/\/www.ventbunkers.lv\/?s={search_term_string}\"},\"query-input\":{\"@type\":\"PropertyValueSpecification\",\"valueRequired\":true,\"valueName\":\"search_term_string\"}}],\"inLanguage\":\"lv-LV\"}]}<\/script>\r\n<!-- \/ Yoast SEO plugin. -->","yoast_head_json":{"title":"Piest\u0101t\u0146u servisa pakalpojumi - Ventbunkers","robots":{"index":"index","follow":"follow","max-snippet":"max-snippet:-1","max-image-preview":"max-image-preview:large","max-video-preview":"max-video-preview:-1"},"canonical":"https:\/\/www.ventbunkers.lv\/index.php\/pakalpojumi\/piestatnu-servisa-pakalpojumi\/","og_locale":"lv_LV","og_type":"article","og_title":"Piest\u0101t\u0146u servisa pakalpojumi - Ventbunkers","og_description":"AS \u201eVentbunkers\u201d atrodas Ventspils br\u012bvostas teritorij\u0101, neaizsalsto\u0161\u0101s Baltijas j\u016bras ost\u0101, ar iesp\u0113ju pie\u0146emt liel\u0101kos AFRAMAX tipa ku\u0123us ar kravnes\u012bbu l\u012bdz pat 150 000 DWT, k\u0101di var ien\u0101kt Baltijas j\u016br\u0101. &nbsp; Naftas un naftas produktu p\u0101rkrau\u0161ana tankku\u0123os Ventspils br\u012bvost\u0101 tiek organiz\u0113ta &hellip;","og_url":"https:\/\/www.ventbunkers.lv\/index.php\/pakalpojumi\/piestatnu-servisa-pakalpojumi\/","og_site_name":"Ventbunkers","article_modified_time":"2013-02-04T13:09:11+00:00","twitter_card":"summary_large_image","twitter_misc":{"Est. reading time":"2 minutes"},"schema":{"@context":"https:\/\/schema.org","@graph":[{"@type":"WebPage","@id":"https:\/\/www.ventbunkers.lv\/index.php\/pakalpojumi\/piestatnu-servisa-pakalpojumi\/","url":"https:\/\/www.ventbunkers.lv\/index.php\/pakalpojumi\/piestatnu-servisa-pakalpojumi\/","name":"Piest\u0101t\u0146u servisa pakalpojumi - Ventbunkers","isPartOf":{"@id":"https:\/\/www.ventbunkers.lv\/#website"},"datePublished":"2012-11-25T06:09:03+00:00","dateModified":"2013-02-04T13:09:11+00:00","breadcrumb":{"@id":"https:\/\/www.ventbunkers.lv\/index.php\/pakalpojumi\/piestatnu-servisa-pakalpojumi\/#breadcrumb"},"inLanguage":"lv-LV","potentialAction":[{"@type":"ReadAction","target":[["https:\/\/www.ventbunkers.lv\/index.php\/pakalpojumi\/piestatnu-servisa-pakalpojumi\/"]]}]},{"@type":"BreadcrumbList","@id":"https:\/\/www.ventbunkers.lv\/index.php\/pakalpojumi\/piestatnu-servisa-pakalpojumi\/#breadcrumb","itemListElement":[{"@type":"ListItem","position":1,"name":"Home","item":"https:\/\/www.ventbunkers.lv\/"},{"@type":"ListItem","position":2,"name":"Pakalpojumi","item":"https:\/\/www.ventbunkers.lv\/index.php\/pakalpojumi\/"},{"@type":"ListItem","position":3,"name":"Piest\u0101t\u0146u servisa pakalpojumi"}]},{"@type":"WebSite","@id":"https:\/\/www.ventbunkers.lv\/#website","url":"https:\/\/www.ventbunkers.lv\/","name":"Ventbunkers","description":"Ventbunkers - Ventspils","potentialAction":[{"@type":"SearchAction","target":{"@type":"EntryPoint","urlTemplate":"https:\/\/www.ventbunkers.lv\/?s={search_term_string}"},"query-input":{"@type":"PropertyValueSpecification","valueRequired":true,"valueName":"search_term_string"}}],"inLanguage":"lv-LV"}]}},"_links":{"self":[{"href":"https:\/\/www.ventbunkers.lv\/index.php\/wp-json\/wp\/v2\/pages\/209","targetHints":{"allow":["GET"]}}],"collection":[{"href":"https:\/\/www.ventbunkers.lv\/index.php\/wp-json\/wp\/v2\/pages"}],"about":[{"href":"https:\/\/www.ventbunkers.lv\/index.php\/wp-json\/wp\/v2\/types\/page"}],"author":[{"embeddable":true,"href":"https:\/\/www.ventbunkers.lv\/index.php\/wp-json\/wp\/v2\/users\/5"}],"replies":[{"embeddable":true,"href":"https:\/\/www.ventbunkers.lv\/index.php\/wp-json\/wp\/v2\/comments?post=209"}],"version-history":[{"count":0,"href":"https:\/\/www.ventbunkers.lv\/index.php\/wp-json\/wp\/v2\/pages\/209\/revisions"}],"up":[{"embeddable":true,"href":"https:\/\/www.ventbunkers.lv\/index.php\/wp-json\/wp\/v2\/pages\/14"}],"wp:attachment":[{"href":"https:\/\/www.ventbunkers.lv\/index.php\/wp-json\/wp\/v2\/media?parent=209"}],"curies":[{"name":"wp","href":"https:\/\/api.w.org\/{rel}","templated":true}]}}