{"id":201,"date":"2012-11-25T07:54:21","date_gmt":"2012-11-25T05:54:21","guid":{"rendered":"http:\/\/www.ventbunkers.lv\/?page_id=201"},"modified":"2026-02-12T12:04:12","modified_gmt":"2026-02-12T09:04:12","slug":"vakances","status":"publish","type":"page","link":"https:\/\/www.ventbunkers.lv\/index.php\/ventbunkers-apraksts\/vakances\/","title":{"rendered":"Vakances"},"content":{"rendered":"<p>Akciju sabiedr\u012bba \u201cVentbunkers\u201d mekl\u0113 meh\u0101ni\u0137i, kur\u0161 nodro\u0161in\u0101s uz\u0146\u0113muma tehnolo\u0123isko iek\u0101rtu dro\u0161u, nep\u0101rtrauktu un tehniski korektu darb\u012bbu. \u0160is amats ir b\u016btisks termin\u0101\u013ca operat\u012bv\u0101s darb\u012bbas stabilit\u0101tei, t\u0101d\u0113\u013c sagaid\u0101m augstu profesion\u0101lo atbild\u012bbu un tehnisko dom\u0101\u0161anu.<\/p>\n<p><strong>Darba pien\u0101kumi:<\/strong><br \/>\n\u2022 Tehnolo\u0123isko iek\u0101rtu un meh\u0101nismu tehnisk\u0101 st\u0101vok\u013ca uzraudz\u012bba;<br \/>\n\u2022 Boj\u0101jumu c\u0113lo\u0146u anal\u012bze un savlaic\u012bga nov\u0113r\u0161ana;<br \/>\n\u2022 Pl\u0101noto apkopes darbu veik\u0161ana atbilsto\u0161i normat\u012bvaj\u0101m pras\u012bb\u0101m;<br \/>\n\u2022 Remontdarbu organiz\u0113\u0161ana un izpilde;<br \/>\n\u2022 Dal\u012bba jaunu iek\u0101rtu nodo\u0161an\u0101 ekspluat\u0101cij\u0101;<br \/>\n\u2022 Iek\u0101rtu sagatavo\u0161ana tehniskaj\u0101m p\u0101rbaud\u0113m un sadarb\u012bba ar uzraugo\u0161aj\u0101m instit\u016bcij\u0101m.<\/p>\n<p><strong>Profesion\u0101l\u0101 pieredze un zin\u0101\u0161anas:<\/strong><br \/>\n\u2022 Profesion\u0101l\u0101 izgl\u012bt\u012bba meh\u0101nik\u0101 vai praktiska pieredze l\u012bdzv\u0113rt\u012bg\u0101 amat\u0101;<br \/>\n\u2022 Izpratne par r\u016bpniecisko iek\u0101rtu darb\u012bbas principiem;<br \/>\n\u2022 Prasme str\u0101d\u0101t ar diagnostikas instrumentiem;<br \/>\n\u2022 Sp\u0113ja orient\u0113ties tehniskaj\u0101 dokument\u0101cij\u0101.<\/p>\n<p><strong>Person\u012bg\u0101s \u012bpa\u0161\u012bbas:<\/strong><br \/>\n\u2022 Patst\u0101v\u012bba un precizit\u0101te darb\u0101;<br \/>\n\u2022 Sp\u0113ja pie\u0146emt tehniskus l\u0113mumus operat\u012bv\u0101s situ\u0101cij\u0101s;<br \/>\n\u2022 Atbild\u012bga attieksme pret darba dro\u0161\u012bbu.<\/p>\n<p><strong>Pied\u0101v\u0101jums:<\/strong><br \/>\n\u2022 Atalgojums no 1300 EUR bruto m\u0113nes\u012b (atbilsto\u0161i kvalifik\u0101cijai);<br \/>\n\u2022 Vesel\u012bbas apdro\u0161in\u0101\u0161ana p\u0113c p\u0101rbaudes laika;<br \/>\n\u2022 Soci\u0101l\u0101s garantijas un stabils darba dev\u0113js.<br \/>\nPieteik\u0161an\u0101s l\u012bdz 28.02.2026<\/p>\n<p>&nbsp;<\/p>\n<p>CV l\u016bdzam s\u016bt\u012bt uz: <a href=\"mailto:personals@ventbunkers.lv\">personals@ventbunkers.lv<\/a><br \/>\nSazin\u0101simies ar kandid\u0101tiem, kuri tiks izvirz\u012bti n\u0101kamajai atlases k\u0101rtai.<\/p>\n<p>&nbsp;<\/p>","protected":false},"excerpt":{"rendered":"<p>Akciju sabiedr\u012bba \u201cVentbunkers\u201d mekl\u0113 meh\u0101ni\u0137i, kur\u0161 nodro\u0161in\u0101s uz\u0146\u0113muma tehnolo\u0123isko iek\u0101rtu dro\u0161u, nep\u0101rtrauktu un tehniski korektu darb\u012bbu. \u0160is amats ir b\u016btisks termin\u0101\u013ca operat\u012bv\u0101s darb\u012bbas stabilit\u0101tei, t\u0101d\u0113\u013c sagaid\u0101m augstu profesion\u0101lo atbild\u012bbu un tehnisko dom\u0101\u0161anu. Darba pien\u0101kumi: \u2022 Tehnolo\u0123isko iek\u0101rtu un meh\u0101nismu tehnisk\u0101 &hellip;<\/p>\n","protected":false},"author":5,"featured_media":0,"parent":102,"menu_order":0,"comment_status":"open","ping_status":"open","template":"","meta":{"_acf_changed":false,"footnotes":""},"class_list":["post-201","page","type-page","status-publish","hentry"],"acf":[],"yoast_head":"<!-- This site is optimized with the Yoast SEO plugin v27.2 - https:\/\/yoast.com\/product\/yoast-seo-wordpress\/ -->\r\n<title>Vakances - Ventbunkers<\/title>\r\n<meta name=\"robots\" content=\"index, follow, max-snippet:-1, max-image-preview:large, max-video-preview:-1\" \/>\r\n<link rel=\"canonical\" href=\"https:\/\/www.ventbunkers.lv\/index.php\/ventbunkers-apraksts\/vakances\/\" \/>\r\n<meta property=\"og:locale\" content=\"lv_LV\" \/>\r\n<meta property=\"og:type\" content=\"article\" \/>\r\n<meta property=\"og:title\" content=\"Vakances - Ventbunkers\" \/>\r\n<meta property=\"og:description\" content=\"Akciju sabiedr\u012bba \u201cVentbunkers\u201d mekl\u0113 meh\u0101ni\u0137i, kur\u0161 nodro\u0161in\u0101s uz\u0146\u0113muma tehnolo\u0123isko iek\u0101rtu dro\u0161u, nep\u0101rtrauktu un tehniski korektu darb\u012bbu. \u0160is amats ir b\u016btisks termin\u0101\u013ca operat\u012bv\u0101s darb\u012bbas stabilit\u0101tei, t\u0101d\u0113\u013c sagaid\u0101m augstu profesion\u0101lo atbild\u012bbu un tehnisko dom\u0101\u0161anu. Darba pien\u0101kumi: \u2022 Tehnolo\u0123isko iek\u0101rtu un meh\u0101nismu tehnisk\u0101 &hellip;\" \/>\r\n<meta property=\"og:url\" content=\"https:\/\/www.ventbunkers.lv\/index.php\/ventbunkers-apraksts\/vakances\/\" \/>\r\n<meta property=\"og:site_name\" content=\"Ventbunkers\" \/>\r\n<meta property=\"article:modified_time\" content=\"2026-02-12T09:04:12+00:00\" \/>\r\n<meta name=\"twitter:card\" content=\"summary_large_image\" \/>\r\n<meta name=\"twitter:label1\" content=\"Est. reading time\" \/>\n\t<meta name=\"twitter:data1\" content=\"1 minute\" \/>\r\n<script type=\"application\/ld+json\" class=\"yoast-schema-graph\">{\"@context\":\"https:\/\/schema.org\",\"@graph\":[{\"@type\":\"WebPage\",\"@id\":\"https:\/\/www.ventbunkers.lv\/index.php\/ventbunkers-apraksts\/vakances\/\",\"url\":\"https:\/\/www.ventbunkers.lv\/index.php\/ventbunkers-apraksts\/vakances\/\",\"name\":\"Vakances - Ventbunkers\",\"isPartOf\":{\"@id\":\"https:\/\/www.ventbunkers.lv\/#website\"},\"datePublished\":\"2012-11-25T05:54:21+00:00\",\"dateModified\":\"2026-02-12T09:04:12+00:00\",\"breadcrumb\":{\"@id\":\"https:\/\/www.ventbunkers.lv\/index.php\/ventbunkers-apraksts\/vakances\/#breadcrumb\"},\"inLanguage\":\"lv-LV\",\"potentialAction\":[{\"@type\":\"ReadAction\",\"target\":[[\"https:\/\/www.ventbunkers.lv\/index.php\/ventbunkers-apraksts\/vakances\/\"]]}]},{\"@type\":\"BreadcrumbList\",\"@id\":\"https:\/\/www.ventbunkers.lv\/index.php\/ventbunkers-apraksts\/vakances\/#breadcrumb\",\"itemListElement\":[{\"@type\":\"ListItem\",\"position\":1,\"name\":\"Home\",\"item\":\"https:\/\/www.ventbunkers.lv\/\"},{\"@type\":\"ListItem\",\"position\":2,\"name\":\"Ventbunkers apraksts\",\"item\":\"https:\/\/www.ventbunkers.lv\/index.php\/ventbunkers-apraksts\/\"},{\"@type\":\"ListItem\",\"position\":3,\"name\":\"Vakances\"}]},{\"@type\":\"WebSite\",\"@id\":\"https:\/\/www.ventbunkers.lv\/#website\",\"url\":\"https:\/\/www.ventbunkers.lv\/\",\"name\":\"Ventbunkers\",\"description\":\"Ventbunkers - Ventspils\",\"potentialAction\":[{\"@type\":\"SearchAction\",\"target\":{\"@type\":\"EntryPoint\",\"urlTemplate\":\"https:\/\/www.ventbunkers.lv\/?s={search_term_string}\"},\"query-input\":{\"@type\":\"PropertyValueSpecification\",\"valueRequired\":true,\"valueName\":\"search_term_string\"}}],\"inLanguage\":\"lv-LV\"}]}<\/script>\r\n<!-- \/ Yoast SEO plugin. -->","yoast_head_json":{"title":"Vakances - Ventbunkers","robots":{"index":"index","follow":"follow","max-snippet":"max-snippet:-1","max-image-preview":"max-image-preview:large","max-video-preview":"max-video-preview:-1"},"canonical":"https:\/\/www.ventbunkers.lv\/index.php\/ventbunkers-apraksts\/vakances\/","og_locale":"lv_LV","og_type":"article","og_title":"Vakances - Ventbunkers","og_description":"Akciju sabiedr\u012bba \u201cVentbunkers\u201d mekl\u0113 meh\u0101ni\u0137i, kur\u0161 nodro\u0161in\u0101s uz\u0146\u0113muma tehnolo\u0123isko iek\u0101rtu dro\u0161u, nep\u0101rtrauktu un tehniski korektu darb\u012bbu. \u0160is amats ir b\u016btisks termin\u0101\u013ca operat\u012bv\u0101s darb\u012bbas stabilit\u0101tei, t\u0101d\u0113\u013c sagaid\u0101m augstu profesion\u0101lo atbild\u012bbu un tehnisko dom\u0101\u0161anu. Darba pien\u0101kumi: \u2022 Tehnolo\u0123isko iek\u0101rtu un meh\u0101nismu tehnisk\u0101 &hellip;","og_url":"https:\/\/www.ventbunkers.lv\/index.php\/ventbunkers-apraksts\/vakances\/","og_site_name":"Ventbunkers","article_modified_time":"2026-02-12T09:04:12+00:00","twitter_card":"summary_large_image","twitter_misc":{"Est. reading time":"1 minute"},"schema":{"@context":"https:\/\/schema.org","@graph":[{"@type":"WebPage","@id":"https:\/\/www.ventbunkers.lv\/index.php\/ventbunkers-apraksts\/vakances\/","url":"https:\/\/www.ventbunkers.lv\/index.php\/ventbunkers-apraksts\/vakances\/","name":"Vakances - Ventbunkers","isPartOf":{"@id":"https:\/\/www.ventbunkers.lv\/#website"},"datePublished":"2012-11-25T05:54:21+00:00","dateModified":"2026-02-12T09:04:12+00:00","breadcrumb":{"@id":"https:\/\/www.ventbunkers.lv\/index.php\/ventbunkers-apraksts\/vakances\/#breadcrumb"},"inLanguage":"lv-LV","potentialAction":[{"@type":"ReadAction","target":[["https:\/\/www.ventbunkers.lv\/index.php\/ventbunkers-apraksts\/vakances\/"]]}]},{"@type":"BreadcrumbList","@id":"https:\/\/www.ventbunkers.lv\/index.php\/ventbunkers-apraksts\/vakances\/#breadcrumb","itemListElement":[{"@type":"ListItem","position":1,"name":"Home","item":"https:\/\/www.ventbunkers.lv\/"},{"@type":"ListItem","position":2,"name":"Ventbunkers apraksts","item":"https:\/\/www.ventbunkers.lv\/index.php\/ventbunkers-apraksts\/"},{"@type":"ListItem","position":3,"name":"Vakances"}]},{"@type":"WebSite","@id":"https:\/\/www.ventbunkers.lv\/#website","url":"https:\/\/www.ventbunkers.lv\/","name":"Ventbunkers","description":"Ventbunkers - Ventspils","potentialAction":[{"@type":"SearchAction","target":{"@type":"EntryPoint","urlTemplate":"https:\/\/www.ventbunkers.lv\/?s={search_term_string}"},"query-input":{"@type":"PropertyValueSpecification","valueRequired":true,"valueName":"search_term_string"}}],"inLanguage":"lv-LV"}]}},"_links":{"self":[{"href":"https:\/\/www.ventbunkers.lv\/index.php\/wp-json\/wp\/v2\/pages\/201","targetHints":{"allow":["GET"]}}],"collection":[{"href":"https:\/\/www.ventbunkers.lv\/index.php\/wp-json\/wp\/v2\/pages"}],"about":[{"href":"https:\/\/www.ventbunkers.lv\/index.php\/wp-json\/wp\/v2\/types\/page"}],"author":[{"embeddable":true,"href":"https:\/\/www.ventbunkers.lv\/index.php\/wp-json\/wp\/v2\/users\/5"}],"replies":[{"embeddable":true,"href":"https:\/\/www.ventbunkers.lv\/index.php\/wp-json\/wp\/v2\/comments?post=201"}],"version-history":[{"count":0,"href":"https:\/\/www.ventbunkers.lv\/index.php\/wp-json\/wp\/v2\/pages\/201\/revisions"}],"up":[{"embeddable":true,"href":"https:\/\/www.ventbunkers.lv\/index.php\/wp-json\/wp\/v2\/pages\/102"}],"wp:attachment":[{"href":"https:\/\/www.ventbunkers.lv\/index.php\/wp-json\/wp\/v2\/media?parent=201"}],"curies":[{"name":"wp","href":"https:\/\/api.w.org\/{rel}","templated":true}]}}