{"id":182,"date":"2012-11-25T06:47:17","date_gmt":"2012-11-25T04:47:17","guid":{"rendered":"http:\/\/www.ventbunkers.lv\/?page_id=182"},"modified":"2013-02-04T09:55:09","modified_gmt":"2013-02-04T07:55:09","slug":"sociala-politika","status":"publish","type":"page","link":"https:\/\/www.ventbunkers.lv\/index.php\/ventbunkers-apraksts\/sociala-politika\/","title":{"rendered":"Soci\u0101l\u0101 politika"},"content":{"rendered":"<p><\/p>\n<p>&nbsp;<\/p>\n<p>Sabiedr\u012bba un t\u0101s darbinieki piln\u012bb\u0101 apzin\u0101s savu atbild\u012bbu soci\u0101laj\u0101 un vides aizsardz\u012bbas aspekt\u0101 un veido iev\u0113rojumu pienesumu Ventspils br\u012bvostas kop\u0113j\u0101 kravu apgroz\u012bjum\u0101. Svar\u012bg\u0101k\u0101s Sabiedr\u012bbas darb\u012bbas vadl\u012bnijas ir augsta darba efektivit\u0101te, kvalit\u0101te un dro\u0161\u012bba, ko nodro\u0161ina m\u016bsdien\u012bgs, termin\u0101l\u0101 izmantoto tehnolo\u0123iju risin\u0101jums, darbinieku profesionalit\u0101te un atbild\u012bba. Sabiedr\u012bba past\u0101v\u012bgi uzlabo sniegto pakalpojumu kvalit\u0101ti un nodro\u0161ina piepras\u012bjumam atbilsto\u0161u pakalpojumu kl\u0101stu.\u00a0<\/p>\n<h2>Misija:<\/h2>\n<ul>\n<li>Nodro\u0161in\u0101t klientiem kvalitat\u012bvus naftas produktu p\u0101rkrau\u0161anas pakalpojumus\u00a0<\/li>\n<li>Akt\u012bvi risin\u0101t apk\u0101rt\u0113j\u0101s vides aizsardz\u012bbas jaut\u0101jumus savas kompetences ietvaros\u00a0<\/li>\n<li>Veicin\u0101t darbiniekos pieder\u012bbas saj\u016btu Sabiedr\u012bbai, nodro\u0161in\u0101t pien\u0101c\u012bgus darba apst\u0101k\u013cus un labkl\u0101j\u012bbu<\/li>\n<li>B\u016bt soci\u0101li atbild\u012bgiem\u00a0<\/li>\n<\/ul>\n<h2>V\u012bzija:<\/h2>\n<ul>\n<li>K\u013c\u016bt par starptautiski noz\u012bm\u012bgu naftas produktu p\u0101rkrau\u0161anas termin\u0101li, nostiprinot savas poz\u012bcijas glob\u0101l\u0101 biznesa vid\u0113\u00a0<\/li>\n<li>Iemantot savu klientu uztic\u012bbu, sniedzot kvalitat\u012bvus pakalpojumus\u00a0<\/li>\n<li>Att\u012bst\u012bt un pilnveidot termin\u0101la tehnisk\u0101s un tehnolo\u0123isk\u0101s iesp\u0113jas\u00a0<\/li>\n<\/ul>\n<h2>M\u0113r\u0137i:<\/h2>\n<ul>\n<li>Izveidot Sabiedr\u012bbu par noz\u012bm\u012bgu uz\u0146\u0113mumu Latvij\u0101 sav\u0101 nozar\u0113, palielinot naftas produktu p\u0101rkrau\u0161anas apjomus, papla\u0161inot p\u0101rkraujamo produktu kl\u0101stu, piesaistot jaunus klientus un uzlabojot sniedzamo pakalpojumu kvalit\u0101ti\u00a0<\/li>\n<li>Regul\u0101ri paust publisku inform\u0101ciju par Sabiedr\u012bb\u0101 notieko\u0161o un aktualit\u0101t\u0113m<\/li>\n<\/ul>\n<p>&nbsp;<\/p>\n<\/p>\n<p><\/p>","protected":false},"excerpt":{"rendered":"<p>&nbsp; Sabiedr\u012bba un t\u0101s darbinieki piln\u012bb\u0101 apzin\u0101s savu atbild\u012bbu soci\u0101laj\u0101 un vides aizsardz\u012bbas aspekt\u0101 un veido iev\u0113rojumu pienesumu Ventspils br\u012bvostas kop\u0113j\u0101 kravu apgroz\u012bjum\u0101. Svar\u012bg\u0101k\u0101s Sabiedr\u012bbas darb\u012bbas vadl\u012bnijas ir augsta darba efektivit\u0101te, kvalit\u0101te un dro\u0161\u012bba, ko nodro\u0161ina m\u016bsdien\u012bgs, termin\u0101l\u0101 izmantoto tehnolo\u0123iju &hellip;<\/p>\n","protected":false},"author":5,"featured_media":0,"parent":102,"menu_order":0,"comment_status":"open","ping_status":"open","template":"","meta":{"_acf_changed":false,"footnotes":""},"class_list":["post-182","page","type-page","status-publish","hentry"],"acf":[],"yoast_head":"<!-- This site is optimized with the Yoast SEO plugin v27.2 - https:\/\/yoast.com\/product\/yoast-seo-wordpress\/ -->\r\n<title>Soci\u0101l\u0101 politika - Ventbunkers<\/title>\r\n<meta name=\"robots\" content=\"index, follow, max-snippet:-1, max-image-preview:large, max-video-preview:-1\" \/>\r\n<link rel=\"canonical\" href=\"https:\/\/www.ventbunkers.lv\/index.php\/ventbunkers-apraksts\/sociala-politika\/\" \/>\r\n<meta property=\"og:locale\" content=\"lv_LV\" \/>\r\n<meta property=\"og:type\" content=\"article\" \/>\r\n<meta property=\"og:title\" content=\"Soci\u0101l\u0101 politika - Ventbunkers\" \/>\r\n<meta property=\"og:description\" content=\"&nbsp; Sabiedr\u012bba un t\u0101s darbinieki piln\u012bb\u0101 apzin\u0101s savu atbild\u012bbu soci\u0101laj\u0101 un vides aizsardz\u012bbas aspekt\u0101 un veido iev\u0113rojumu pienesumu Ventspils br\u012bvostas kop\u0113j\u0101 kravu apgroz\u012bjum\u0101. Svar\u012bg\u0101k\u0101s Sabiedr\u012bbas darb\u012bbas vadl\u012bnijas ir augsta darba efektivit\u0101te, kvalit\u0101te un dro\u0161\u012bba, ko nodro\u0161ina m\u016bsdien\u012bgs, termin\u0101l\u0101 izmantoto tehnolo\u0123iju &hellip;\" \/>\r\n<meta property=\"og:url\" content=\"https:\/\/www.ventbunkers.lv\/index.php\/ventbunkers-apraksts\/sociala-politika\/\" \/>\r\n<meta property=\"og:site_name\" content=\"Ventbunkers\" \/>\r\n<meta property=\"article:modified_time\" content=\"2013-02-04T07:55:09+00:00\" \/>\r\n<meta name=\"twitter:card\" content=\"summary_large_image\" \/>\r\n<meta name=\"twitter:label1\" content=\"Est. reading time\" \/>\n\t<meta name=\"twitter:data1\" content=\"2 minutes\" \/>\r\n<script type=\"application\/ld+json\" class=\"yoast-schema-graph\">{\"@context\":\"https:\/\/schema.org\",\"@graph\":[{\"@type\":\"WebPage\",\"@id\":\"https:\/\/www.ventbunkers.lv\/index.php\/ventbunkers-apraksts\/sociala-politika\/\",\"url\":\"https:\/\/www.ventbunkers.lv\/index.php\/ventbunkers-apraksts\/sociala-politika\/\",\"name\":\"Soci\u0101l\u0101 politika - Ventbunkers\",\"isPartOf\":{\"@id\":\"https:\/\/www.ventbunkers.lv\/#website\"},\"datePublished\":\"2012-11-25T04:47:17+00:00\",\"dateModified\":\"2013-02-04T07:55:09+00:00\",\"breadcrumb\":{\"@id\":\"https:\/\/www.ventbunkers.lv\/index.php\/ventbunkers-apraksts\/sociala-politika\/#breadcrumb\"},\"inLanguage\":\"lv-LV\",\"potentialAction\":[{\"@type\":\"ReadAction\",\"target\":[[\"https:\/\/www.ventbunkers.lv\/index.php\/ventbunkers-apraksts\/sociala-politika\/\"]]}]},{\"@type\":\"BreadcrumbList\",\"@id\":\"https:\/\/www.ventbunkers.lv\/index.php\/ventbunkers-apraksts\/sociala-politika\/#breadcrumb\",\"itemListElement\":[{\"@type\":\"ListItem\",\"position\":1,\"name\":\"Home\",\"item\":\"https:\/\/www.ventbunkers.lv\/\"},{\"@type\":\"ListItem\",\"position\":2,\"name\":\"Ventbunkers apraksts\",\"item\":\"https:\/\/www.ventbunkers.lv\/index.php\/ventbunkers-apraksts\/\"},{\"@type\":\"ListItem\",\"position\":3,\"name\":\"\u0421\u043e\u0446\u0438\u0430\u043b\u044c\u043d\u0430\u044f \u043f\u043e\u043b\u0438\u0442\u0438\u043a\u0430\"}]},{\"@type\":\"WebSite\",\"@id\":\"https:\/\/www.ventbunkers.lv\/#website\",\"url\":\"https:\/\/www.ventbunkers.lv\/\",\"name\":\"Ventbunkers\",\"description\":\"Ventbunkers - Ventspils\",\"potentialAction\":[{\"@type\":\"SearchAction\",\"target\":{\"@type\":\"EntryPoint\",\"urlTemplate\":\"https:\/\/www.ventbunkers.lv\/?s={search_term_string}\"},\"query-input\":{\"@type\":\"PropertyValueSpecification\",\"valueRequired\":true,\"valueName\":\"search_term_string\"}}],\"inLanguage\":\"lv-LV\"}]}<\/script>\r\n<!-- \/ Yoast SEO plugin. -->","yoast_head_json":{"title":"Soci\u0101l\u0101 politika - Ventbunkers","robots":{"index":"index","follow":"follow","max-snippet":"max-snippet:-1","max-image-preview":"max-image-preview:large","max-video-preview":"max-video-preview:-1"},"canonical":"https:\/\/www.ventbunkers.lv\/index.php\/ventbunkers-apraksts\/sociala-politika\/","og_locale":"lv_LV","og_type":"article","og_title":"Soci\u0101l\u0101 politika - Ventbunkers","og_description":"&nbsp; Sabiedr\u012bba un t\u0101s darbinieki piln\u012bb\u0101 apzin\u0101s savu atbild\u012bbu soci\u0101laj\u0101 un vides aizsardz\u012bbas aspekt\u0101 un veido iev\u0113rojumu pienesumu Ventspils br\u012bvostas kop\u0113j\u0101 kravu apgroz\u012bjum\u0101. Svar\u012bg\u0101k\u0101s Sabiedr\u012bbas darb\u012bbas vadl\u012bnijas ir augsta darba efektivit\u0101te, kvalit\u0101te un dro\u0161\u012bba, ko nodro\u0161ina m\u016bsdien\u012bgs, termin\u0101l\u0101 izmantoto tehnolo\u0123iju &hellip;","og_url":"https:\/\/www.ventbunkers.lv\/index.php\/ventbunkers-apraksts\/sociala-politika\/","og_site_name":"Ventbunkers","article_modified_time":"2013-02-04T07:55:09+00:00","twitter_card":"summary_large_image","twitter_misc":{"Est. reading time":"2 minutes"},"schema":{"@context":"https:\/\/schema.org","@graph":[{"@type":"WebPage","@id":"https:\/\/www.ventbunkers.lv\/index.php\/ventbunkers-apraksts\/sociala-politika\/","url":"https:\/\/www.ventbunkers.lv\/index.php\/ventbunkers-apraksts\/sociala-politika\/","name":"Soci\u0101l\u0101 politika - Ventbunkers","isPartOf":{"@id":"https:\/\/www.ventbunkers.lv\/#website"},"datePublished":"2012-11-25T04:47:17+00:00","dateModified":"2013-02-04T07:55:09+00:00","breadcrumb":{"@id":"https:\/\/www.ventbunkers.lv\/index.php\/ventbunkers-apraksts\/sociala-politika\/#breadcrumb"},"inLanguage":"lv-LV","potentialAction":[{"@type":"ReadAction","target":[["https:\/\/www.ventbunkers.lv\/index.php\/ventbunkers-apraksts\/sociala-politika\/"]]}]},{"@type":"BreadcrumbList","@id":"https:\/\/www.ventbunkers.lv\/index.php\/ventbunkers-apraksts\/sociala-politika\/#breadcrumb","itemListElement":[{"@type":"ListItem","position":1,"name":"Home","item":"https:\/\/www.ventbunkers.lv\/"},{"@type":"ListItem","position":2,"name":"Ventbunkers apraksts","item":"https:\/\/www.ventbunkers.lv\/index.php\/ventbunkers-apraksts\/"},{"@type":"ListItem","position":3,"name":"\u0421\u043e\u0446\u0438\u0430\u043b\u044c\u043d\u0430\u044f \u043f\u043e\u043b\u0438\u0442\u0438\u043a\u0430"}]},{"@type":"WebSite","@id":"https:\/\/www.ventbunkers.lv\/#website","url":"https:\/\/www.ventbunkers.lv\/","name":"Ventbunkers","description":"Ventbunkers - Ventspils","potentialAction":[{"@type":"SearchAction","target":{"@type":"EntryPoint","urlTemplate":"https:\/\/www.ventbunkers.lv\/?s={search_term_string}"},"query-input":{"@type":"PropertyValueSpecification","valueRequired":true,"valueName":"search_term_string"}}],"inLanguage":"lv-LV"}]}},"_links":{"self":[{"href":"https:\/\/www.ventbunkers.lv\/index.php\/wp-json\/wp\/v2\/pages\/182","targetHints":{"allow":["GET"]}}],"collection":[{"href":"https:\/\/www.ventbunkers.lv\/index.php\/wp-json\/wp\/v2\/pages"}],"about":[{"href":"https:\/\/www.ventbunkers.lv\/index.php\/wp-json\/wp\/v2\/types\/page"}],"author":[{"embeddable":true,"href":"https:\/\/www.ventbunkers.lv\/index.php\/wp-json\/wp\/v2\/users\/5"}],"replies":[{"embeddable":true,"href":"https:\/\/www.ventbunkers.lv\/index.php\/wp-json\/wp\/v2\/comments?post=182"}],"version-history":[{"count":0,"href":"https:\/\/www.ventbunkers.lv\/index.php\/wp-json\/wp\/v2\/pages\/182\/revisions"}],"up":[{"embeddable":true,"href":"https:\/\/www.ventbunkers.lv\/index.php\/wp-json\/wp\/v2\/pages\/102"}],"wp:attachment":[{"href":"https:\/\/www.ventbunkers.lv\/index.php\/wp-json\/wp\/v2\/media?parent=182"}],"curies":[{"name":"wp","href":"https:\/\/api.w.org\/{rel}","templated":true}]}}