{"id":1082,"date":"2015-06-19T06:58:49","date_gmt":"2015-06-19T04:58:49","guid":{"rendered":"http:\/\/www.ventbunkers.lv\/?page_id=1082"},"modified":"2024-09-23T09:14:55","modified_gmt":"2024-09-23T06:14:55","slug":"notekudenu-attirisana","status":"publish","type":"page","link":"https:\/\/www.ventbunkers.lv\/index.php\/notekudenu-attirisana\/","title":{"rendered":"Notek\u016bde\u0146u att\u012br\u012b\u0161ana"},"content":{"rendered":"<p><\/p>\n<p>AS \u201cVentbunkers\u201d pie\u0146em un att\u012bra sekojo\u0161us ar naftas produktiem pies\u0101r\u0146oto notek\u016bde\u0146u veidus:<\/p>\n<p>&nbsp;<\/p>\n<p>&#8211; Notek\u016bde\u0146i no tankku\u0123iem:<\/p>\n<p>&#8211; tankku\u0123u balasts;<\/p>\n<p>&#8211; kravas tanku mazg\u0101\u0161anas \u016bde\u0146i;<\/p>\n<p>&#8211; ma\u0161\u012bntelpu sate\u010du \u016bde\u0146i.<\/p>\n<p>&nbsp;<\/p>\n<p>&#8211; R\u016bpnieciskie notek\u016bde\u0146i:<\/p>\n<p>&#8211; AS \u201cVentbunkers\u201d termin\u0101l\u012b rad\u012btie r\u016bpnieciskie notek\u016bde\u0146i;<\/p>\n<p>&#8211; citu uz\u0146\u0113mumu r\u016bpnieciskie notek\u016bde\u0146i (pieg\u0101de ar autotransportu).<\/p>\n<p>&nbsp;<\/p>\n<p>Maksim\u0101lais pie\u0146em\u0161anas \u0101trums no piest\u0101tn\u0113m vienlaic\u012bgi ir 600 m3\/stund\u0101. Pa\u0161reiz att\u012br\u012b\u0161anas iek\u0101rtas sp\u0113j pie\u0146emt l\u012bdz 20\u2019000 m3 ar naftu un t\u0101s produktiem pies\u0101r\u0146otu \u016bde\u0146u diennakt\u012b. Notek\u016bde\u0146u att\u012br\u012b\u0161anas iek\u0101rtu jauda ir 600 t\u016bkst. m3\/gad\u0101.<\/p>\n<p>&nbsp;<\/p>\n<p>Att\u012br\u012b\u0161anas iek\u0101rtu tips: meh\u0101nisk\u0101, fizik\u0101li-\u0137\u012bmisk\u0101 (flot\u0101cija),\u00a0 sorbcija og\u013cu filtros. K\u0101 flokulants notek\u016bde\u0146u att\u012br\u012b\u0161anas iek\u0101rt\u0101s (NAI) tiek izmantots polielektrol\u012bts.<\/p>\n<p>&nbsp;<\/p>\n<p>Notek\u016bde\u0146u att\u012br\u012b\u0161anas kompleks\u0101 darb\u012bbu nodro\u0161ina 7 rezervu\u0101ri ar kop\u0113jo tilpumu 33\u2019200 m3 un 8 filtr\u0113jo\u0161\u0101s sekcijas ar aug\u0161\u0113jo sl\u0101ni &#8211; mezopor\u0101m antrac\u012bta ogl\u0113m un apak\u0161\u0113jo sl\u0101ni \u2013 smilt\u012bm.<\/p>\n<p>&nbsp;<\/p>\n<p>Notek\u016bde\u0146u att\u012br\u012b\u0161anas iek\u0101rt\u0101s tehnolo\u0123isk\u0101 procesa etapi:<\/p>\n<p>&#8211; notek\u016bde\u0146u pie\u0146em\u0161ana pa cauru\u013cvadiem;<\/p>\n<p>&#8211; notek\u016bde\u0146u meh\u0101nisk\u0101 nost\u0101din\u0101\u0161ana;<\/p>\n<p>&#8211; \u016bdens frakcijas att\u012br\u012b\u0161ana (flot\u0101cija);<\/p>\n<p>&#8211; \u016bdens filtr\u0113\u0161ana (absorbcija);<\/p>\n<p>&#8211; nofiltr\u0113t\u0101 \u016bdens izvad\u012b\u0161ana Baltijas j\u016br\u0101.<\/p>\n<p>&nbsp;<\/p>\n<p>Pies\u0101r\u0146otie notek\u016bde\u0146i tiek pie\u0146emti, iev\u0113rojot vid\u0113j\u0101s limit\u0113jo\u0161\u0101s pies\u0101r\u0146ojuma koncentr\u0101cijas. Visu ien\u0101ko\u0161o notek\u016bde\u0146u galven\u0101 pies\u0101r\u0146ojuma komponente ir naftas produkti. Att\u012br\u012b\u0161anas iek\u0101rt\u0101s tiek pie\u0146emti notek\u016bde\u0146i, kuros pies\u0101r\u0146ojuma koncentr\u0101cija nep\u0101rsniedz:<\/p>\n<p>&#8211;\u00a0\u00a0\u00a0\u00a0\u00a0\u00a0\u00a0\u00a0\u00a0 naftas produkti 8\u2019000 mg\/l;<\/p>\n<p>&#8211;\u00a0\u00a0\u00a0\u00a0\u00a0\u00a0\u00a0\u00a0\u00a0 suspend\u0113t\u0101s vielas 600 mg\/l;<\/p>\n<p>&#8211;\u00a0\u00a0\u00a0\u00a0\u00a0\u00a0\u00a0\u00a0\u00a0 biolo\u0123iskais sk\u0101bek\u013ca pat\u0113ri\u0146\u0161 150 mg\/l;<\/p>\n<p>&#8211;\u00a0\u00a0\u00a0\u00a0\u00a0\u00a0\u00a0\u00a0\u00a0 \u0137\u012bmiskais sk\u0101bek\u013ca pat\u0113ri\u0146\u0161 6\u2019000 mg\/l;<\/p>\n<p>&#8211;\u00a0\u00a0\u00a0\u00a0\u00a0\u00a0\u00a0\u00a0\u00a0 kop\u0113jais sl\u0101peklis 15 mg\/l;<\/p>\n<p>&#8211;\u00a0\u00a0\u00a0\u00a0\u00a0\u00a0\u00a0\u00a0\u00a0 kop\u0113jais fosfors 4 mg\/l.<\/p>\n<p><\/p>","protected":false},"excerpt":{"rendered":"<p>AS \u201cVentbunkers\u201d pie\u0146em un att\u012bra sekojo\u0161us ar naftas produktiem pies\u0101r\u0146oto notek\u016bde\u0146u veidus: &nbsp; &#8211; Notek\u016bde\u0146i no tankku\u0123iem: &#8211; tankku\u0123u balasts; &#8211; kravas tanku mazg\u0101\u0161anas \u016bde\u0146i; &#8211; ma\u0161\u012bntelpu sate\u010du \u016bde\u0146i. &nbsp; &#8211; R\u016bpnieciskie notek\u016bde\u0146i: &#8211; AS \u201cVentbunkers\u201d termin\u0101l\u012b rad\u012btie r\u016bpnieciskie notek\u016bde\u0146i; &hellip;<\/p>\n","protected":false},"author":3,"featured_media":0,"parent":0,"menu_order":0,"comment_status":"closed","ping_status":"open","template":"","meta":{"_acf_changed":false,"footnotes":""},"class_list":["post-1082","page","type-page","status-publish","hentry"],"acf":[],"yoast_head":"<!-- This site is optimized with the Yoast SEO plugin v27.2 - https:\/\/yoast.com\/product\/yoast-seo-wordpress\/ -->\r\n<title>Notek\u016bde\u0146u att\u012br\u012b\u0161ana - Ventbunkers<\/title>\r\n<meta name=\"robots\" content=\"index, follow, max-snippet:-1, max-image-preview:large, max-video-preview:-1\" \/>\r\n<link rel=\"canonical\" href=\"https:\/\/www.ventbunkers.lv\/index.php\/notekudenu-attirisana\/\" \/>\r\n<meta property=\"og:locale\" content=\"lv_LV\" \/>\r\n<meta property=\"og:type\" content=\"article\" \/>\r\n<meta property=\"og:title\" content=\"Notek\u016bde\u0146u att\u012br\u012b\u0161ana - Ventbunkers\" \/>\r\n<meta property=\"og:description\" content=\"AS \u201cVentbunkers\u201d pie\u0146em un att\u012bra sekojo\u0161us ar naftas produktiem pies\u0101r\u0146oto notek\u016bde\u0146u veidus: &nbsp; &#8211; Notek\u016bde\u0146i no tankku\u0123iem: &#8211; tankku\u0123u balasts; &#8211; kravas tanku mazg\u0101\u0161anas \u016bde\u0146i; &#8211; ma\u0161\u012bntelpu sate\u010du \u016bde\u0146i. &nbsp; &#8211; R\u016bpnieciskie notek\u016bde\u0146i: &#8211; AS \u201cVentbunkers\u201d termin\u0101l\u012b rad\u012btie r\u016bpnieciskie notek\u016bde\u0146i; &hellip;\" \/>\r\n<meta property=\"og:url\" content=\"https:\/\/www.ventbunkers.lv\/index.php\/notekudenu-attirisana\/\" \/>\r\n<meta property=\"og:site_name\" content=\"Ventbunkers\" \/>\r\n<meta property=\"article:modified_time\" content=\"2024-09-23T06:14:55+00:00\" \/>\r\n<meta name=\"twitter:card\" content=\"summary_large_image\" \/>\r\n<meta name=\"twitter:label1\" content=\"Est. reading time\" \/>\n\t<meta name=\"twitter:data1\" content=\"3 minutes\" \/>\r\n<script type=\"application\/ld+json\" class=\"yoast-schema-graph\">{\"@context\":\"https:\/\/schema.org\",\"@graph\":[{\"@type\":\"WebPage\",\"@id\":\"https:\/\/www.ventbunkers.lv\/index.php\/notekudenu-attirisana\/\",\"url\":\"https:\/\/www.ventbunkers.lv\/index.php\/notekudenu-attirisana\/\",\"name\":\"Notek\u016bde\u0146u att\u012br\u012b\u0161ana - Ventbunkers\",\"isPartOf\":{\"@id\":\"https:\/\/www.ventbunkers.lv\/#website\"},\"datePublished\":\"2015-06-19T04:58:49+00:00\",\"dateModified\":\"2024-09-23T06:14:55+00:00\",\"breadcrumb\":{\"@id\":\"https:\/\/www.ventbunkers.lv\/index.php\/notekudenu-attirisana\/#breadcrumb\"},\"inLanguage\":\"lv-LV\",\"potentialAction\":[{\"@type\":\"ReadAction\",\"target\":[[\"https:\/\/www.ventbunkers.lv\/index.php\/notekudenu-attirisana\/\"]]}]},{\"@type\":\"BreadcrumbList\",\"@id\":\"https:\/\/www.ventbunkers.lv\/index.php\/notekudenu-attirisana\/#breadcrumb\",\"itemListElement\":[{\"@type\":\"ListItem\",\"position\":1,\"name\":\"Home\",\"item\":\"https:\/\/www.ventbunkers.lv\/\"},{\"@type\":\"ListItem\",\"position\":2,\"name\":\"Wastewater treatment\"}]},{\"@type\":\"WebSite\",\"@id\":\"https:\/\/www.ventbunkers.lv\/#website\",\"url\":\"https:\/\/www.ventbunkers.lv\/\",\"name\":\"Ventbunkers\",\"description\":\"Ventbunkers - Ventspils\",\"potentialAction\":[{\"@type\":\"SearchAction\",\"target\":{\"@type\":\"EntryPoint\",\"urlTemplate\":\"https:\/\/www.ventbunkers.lv\/?s={search_term_string}\"},\"query-input\":{\"@type\":\"PropertyValueSpecification\",\"valueRequired\":true,\"valueName\":\"search_term_string\"}}],\"inLanguage\":\"lv-LV\"}]}<\/script>\r\n<!-- \/ Yoast SEO plugin. -->","yoast_head_json":{"title":"Notek\u016bde\u0146u att\u012br\u012b\u0161ana - Ventbunkers","robots":{"index":"index","follow":"follow","max-snippet":"max-snippet:-1","max-image-preview":"max-image-preview:large","max-video-preview":"max-video-preview:-1"},"canonical":"https:\/\/www.ventbunkers.lv\/index.php\/notekudenu-attirisana\/","og_locale":"lv_LV","og_type":"article","og_title":"Notek\u016bde\u0146u att\u012br\u012b\u0161ana - Ventbunkers","og_description":"AS \u201cVentbunkers\u201d pie\u0146em un att\u012bra sekojo\u0161us ar naftas produktiem pies\u0101r\u0146oto notek\u016bde\u0146u veidus: &nbsp; &#8211; Notek\u016bde\u0146i no tankku\u0123iem: &#8211; tankku\u0123u balasts; &#8211; kravas tanku mazg\u0101\u0161anas \u016bde\u0146i; &#8211; ma\u0161\u012bntelpu sate\u010du \u016bde\u0146i. &nbsp; &#8211; R\u016bpnieciskie notek\u016bde\u0146i: &#8211; AS \u201cVentbunkers\u201d termin\u0101l\u012b rad\u012btie r\u016bpnieciskie notek\u016bde\u0146i; &hellip;","og_url":"https:\/\/www.ventbunkers.lv\/index.php\/notekudenu-attirisana\/","og_site_name":"Ventbunkers","article_modified_time":"2024-09-23T06:14:55+00:00","twitter_card":"summary_large_image","twitter_misc":{"Est. reading time":"3 minutes"},"schema":{"@context":"https:\/\/schema.org","@graph":[{"@type":"WebPage","@id":"https:\/\/www.ventbunkers.lv\/index.php\/notekudenu-attirisana\/","url":"https:\/\/www.ventbunkers.lv\/index.php\/notekudenu-attirisana\/","name":"Notek\u016bde\u0146u att\u012br\u012b\u0161ana - Ventbunkers","isPartOf":{"@id":"https:\/\/www.ventbunkers.lv\/#website"},"datePublished":"2015-06-19T04:58:49+00:00","dateModified":"2024-09-23T06:14:55+00:00","breadcrumb":{"@id":"https:\/\/www.ventbunkers.lv\/index.php\/notekudenu-attirisana\/#breadcrumb"},"inLanguage":"lv-LV","potentialAction":[{"@type":"ReadAction","target":[["https:\/\/www.ventbunkers.lv\/index.php\/notekudenu-attirisana\/"]]}]},{"@type":"BreadcrumbList","@id":"https:\/\/www.ventbunkers.lv\/index.php\/notekudenu-attirisana\/#breadcrumb","itemListElement":[{"@type":"ListItem","position":1,"name":"Home","item":"https:\/\/www.ventbunkers.lv\/"},{"@type":"ListItem","position":2,"name":"Wastewater treatment"}]},{"@type":"WebSite","@id":"https:\/\/www.ventbunkers.lv\/#website","url":"https:\/\/www.ventbunkers.lv\/","name":"Ventbunkers","description":"Ventbunkers - Ventspils","potentialAction":[{"@type":"SearchAction","target":{"@type":"EntryPoint","urlTemplate":"https:\/\/www.ventbunkers.lv\/?s={search_term_string}"},"query-input":{"@type":"PropertyValueSpecification","valueRequired":true,"valueName":"search_term_string"}}],"inLanguage":"lv-LV"}]}},"_links":{"self":[{"href":"https:\/\/www.ventbunkers.lv\/index.php\/wp-json\/wp\/v2\/pages\/1082","targetHints":{"allow":["GET"]}}],"collection":[{"href":"https:\/\/www.ventbunkers.lv\/index.php\/wp-json\/wp\/v2\/pages"}],"about":[{"href":"https:\/\/www.ventbunkers.lv\/index.php\/wp-json\/wp\/v2\/types\/page"}],"author":[{"embeddable":true,"href":"https:\/\/www.ventbunkers.lv\/index.php\/wp-json\/wp\/v2\/users\/3"}],"replies":[{"embeddable":true,"href":"https:\/\/www.ventbunkers.lv\/index.php\/wp-json\/wp\/v2\/comments?post=1082"}],"version-history":[{"count":0,"href":"https:\/\/www.ventbunkers.lv\/index.php\/wp-json\/wp\/v2\/pages\/1082\/revisions"}],"wp:attachment":[{"href":"https:\/\/www.ventbunkers.lv\/index.php\/wp-json\/wp\/v2\/media?parent=1082"}],"curies":[{"name":"wp","href":"https:\/\/api.w.org\/{rel}","templated":true}]}}