{"id":1078,"date":"2015-06-19T06:55:29","date_gmt":"2015-06-19T04:55:29","guid":{"rendered":"http:\/\/www.ventbunkers.lv\/?page_id=1078"},"modified":"2026-01-20T09:49:42","modified_gmt":"2026-01-20T06:49:42","slug":"laboratoriju-pakalpojumi","status":"publish","type":"page","link":"https:\/\/www.ventbunkers.lv\/index.php\/laboratoriju-pakalpojumi\/","title":{"rendered":"Laboratorijas pakalpojumi"},"content":{"rendered":"<p>AS \u201cVentbunkers\u201d \u016bdens test\u0113\u0161anas laboratorija ir akredit\u0113ta Latvijas Nacion\u0101laj\u0101 akredit\u0101cijas biroj\u0101 (LATAK) atbilsto\u0161i standarta LVS EN ISO\/IEC 17025 pras\u012bb\u0101m (instit\u016bcijas Nr. T-233). Akredit\u0101cija apliecina laboratorijas kompetenci un nodro\u0161ina test\u0113\u0161anas rezult\u0101tu ticam\u012bbu un atbilst\u012bbu normat\u012bvo aktu pras\u012bb\u0101m.<\/p>\n<p>Laboratorijas akredit\u0101cijas sf\u0113ra ietver notek\u016bdens paraugu \u0146em\u0161anu, k\u0101 ar\u012b notek\u016bdens un \u016bdens \u0137\u012bmisko un fizik\u0101li \u0137\u012bmisko test\u0113\u0161anu.<\/p>","protected":false},"excerpt":{"rendered":"<p>AS \u201cVentbunkers\u201d \u016bdens test\u0113\u0161anas laboratorija ir akredit\u0113ta Latvijas Nacion\u0101laj\u0101 akredit\u0101cijas biroj\u0101 (LATAK) atbilsto\u0161i standarta LVS EN ISO\/IEC 17025 pras\u012bb\u0101m (instit\u016bcijas Nr. T-233). Akredit\u0101cija apliecina laboratorijas kompetenci un nodro\u0161ina test\u0113\u0161anas rezult\u0101tu ticam\u012bbu un atbilst\u012bbu normat\u012bvo aktu pras\u012bb\u0101m. Laboratorijas akredit\u0101cijas sf\u0113ra ietver &hellip;<\/p>\n","protected":false},"author":3,"featured_media":0,"parent":0,"menu_order":0,"comment_status":"closed","ping_status":"open","template":"","meta":{"_acf_changed":false,"footnotes":""},"class_list":["post-1078","page","type-page","status-publish","hentry"],"acf":[],"yoast_head":"<!-- This site is optimized with the Yoast SEO plugin v27.2 - https:\/\/yoast.com\/product\/yoast-seo-wordpress\/ -->\r\n<title>Laboratorijas pakalpojumi - Ventbunkers<\/title>\r\n<meta name=\"robots\" content=\"index, follow, max-snippet:-1, max-image-preview:large, max-video-preview:-1\" \/>\r\n<link rel=\"canonical\" href=\"https:\/\/www.ventbunkers.lv\/index.php\/laboratoriju-pakalpojumi\/\" \/>\r\n<meta property=\"og:locale\" content=\"lv_LV\" \/>\r\n<meta property=\"og:type\" content=\"article\" \/>\r\n<meta property=\"og:title\" content=\"Laboratorijas pakalpojumi - Ventbunkers\" \/>\r\n<meta property=\"og:description\" content=\"AS \u201cVentbunkers\u201d \u016bdens test\u0113\u0161anas laboratorija ir akredit\u0113ta Latvijas Nacion\u0101laj\u0101 akredit\u0101cijas biroj\u0101 (LATAK) atbilsto\u0161i standarta LVS EN ISO\/IEC 17025 pras\u012bb\u0101m (instit\u016bcijas Nr. T-233). Akredit\u0101cija apliecina laboratorijas kompetenci un nodro\u0161ina test\u0113\u0161anas rezult\u0101tu ticam\u012bbu un atbilst\u012bbu normat\u012bvo aktu pras\u012bb\u0101m. Laboratorijas akredit\u0101cijas sf\u0113ra ietver &hellip;\" \/>\r\n<meta property=\"og:url\" content=\"https:\/\/www.ventbunkers.lv\/index.php\/laboratoriju-pakalpojumi\/\" \/>\r\n<meta property=\"og:site_name\" content=\"Ventbunkers\" \/>\r\n<meta property=\"article:modified_time\" content=\"2026-01-20T06:49:42+00:00\" \/>\r\n<meta name=\"twitter:card\" content=\"summary_large_image\" \/>\r\n<meta name=\"twitter:label1\" content=\"Est. reading time\" \/>\n\t<meta name=\"twitter:data1\" content=\"1 minute\" \/>\r\n<script type=\"application\/ld+json\" class=\"yoast-schema-graph\">{\"@context\":\"https:\/\/schema.org\",\"@graph\":[{\"@type\":\"WebPage\",\"@id\":\"https:\/\/www.ventbunkers.lv\/index.php\/laboratoriju-pakalpojumi\/\",\"url\":\"https:\/\/www.ventbunkers.lv\/index.php\/laboratoriju-pakalpojumi\/\",\"name\":\"Laboratorijas pakalpojumi - Ventbunkers\",\"isPartOf\":{\"@id\":\"https:\/\/www.ventbunkers.lv\/#website\"},\"datePublished\":\"2015-06-19T04:55:29+00:00\",\"dateModified\":\"2026-01-20T06:49:42+00:00\",\"breadcrumb\":{\"@id\":\"https:\/\/www.ventbunkers.lv\/index.php\/laboratoriju-pakalpojumi\/#breadcrumb\"},\"inLanguage\":\"lv-LV\",\"potentialAction\":[{\"@type\":\"ReadAction\",\"target\":[[\"https:\/\/www.ventbunkers.lv\/index.php\/laboratoriju-pakalpojumi\/\"]]}]},{\"@type\":\"BreadcrumbList\",\"@id\":\"https:\/\/www.ventbunkers.lv\/index.php\/laboratoriju-pakalpojumi\/#breadcrumb\",\"itemListElement\":[{\"@type\":\"ListItem\",\"position\":1,\"name\":\"Home\",\"item\":\"https:\/\/www.ventbunkers.lv\/\"},{\"@type\":\"ListItem\",\"position\":2,\"name\":\"Laboratorijas pakalpojumi\"}]},{\"@type\":\"WebSite\",\"@id\":\"https:\/\/www.ventbunkers.lv\/#website\",\"url\":\"https:\/\/www.ventbunkers.lv\/\",\"name\":\"Ventbunkers\",\"description\":\"Ventbunkers - Ventspils\",\"potentialAction\":[{\"@type\":\"SearchAction\",\"target\":{\"@type\":\"EntryPoint\",\"urlTemplate\":\"https:\/\/www.ventbunkers.lv\/?s={search_term_string}\"},\"query-input\":{\"@type\":\"PropertyValueSpecification\",\"valueRequired\":true,\"valueName\":\"search_term_string\"}}],\"inLanguage\":\"lv-LV\"}]}<\/script>\r\n<!-- \/ Yoast SEO plugin. -->","yoast_head_json":{"title":"Laboratorijas pakalpojumi - Ventbunkers","robots":{"index":"index","follow":"follow","max-snippet":"max-snippet:-1","max-image-preview":"max-image-preview:large","max-video-preview":"max-video-preview:-1"},"canonical":"https:\/\/www.ventbunkers.lv\/index.php\/laboratoriju-pakalpojumi\/","og_locale":"lv_LV","og_type":"article","og_title":"Laboratorijas pakalpojumi - Ventbunkers","og_description":"AS \u201cVentbunkers\u201d \u016bdens test\u0113\u0161anas laboratorija ir akredit\u0113ta Latvijas Nacion\u0101laj\u0101 akredit\u0101cijas biroj\u0101 (LATAK) atbilsto\u0161i standarta LVS EN ISO\/IEC 17025 pras\u012bb\u0101m (instit\u016bcijas Nr. T-233). Akredit\u0101cija apliecina laboratorijas kompetenci un nodro\u0161ina test\u0113\u0161anas rezult\u0101tu ticam\u012bbu un atbilst\u012bbu normat\u012bvo aktu pras\u012bb\u0101m. Laboratorijas akredit\u0101cijas sf\u0113ra ietver &hellip;","og_url":"https:\/\/www.ventbunkers.lv\/index.php\/laboratoriju-pakalpojumi\/","og_site_name":"Ventbunkers","article_modified_time":"2026-01-20T06:49:42+00:00","twitter_card":"summary_large_image","twitter_misc":{"Est. reading time":"1 minute"},"schema":{"@context":"https:\/\/schema.org","@graph":[{"@type":"WebPage","@id":"https:\/\/www.ventbunkers.lv\/index.php\/laboratoriju-pakalpojumi\/","url":"https:\/\/www.ventbunkers.lv\/index.php\/laboratoriju-pakalpojumi\/","name":"Laboratorijas pakalpojumi - Ventbunkers","isPartOf":{"@id":"https:\/\/www.ventbunkers.lv\/#website"},"datePublished":"2015-06-19T04:55:29+00:00","dateModified":"2026-01-20T06:49:42+00:00","breadcrumb":{"@id":"https:\/\/www.ventbunkers.lv\/index.php\/laboratoriju-pakalpojumi\/#breadcrumb"},"inLanguage":"lv-LV","potentialAction":[{"@type":"ReadAction","target":[["https:\/\/www.ventbunkers.lv\/index.php\/laboratoriju-pakalpojumi\/"]]}]},{"@type":"BreadcrumbList","@id":"https:\/\/www.ventbunkers.lv\/index.php\/laboratoriju-pakalpojumi\/#breadcrumb","itemListElement":[{"@type":"ListItem","position":1,"name":"Home","item":"https:\/\/www.ventbunkers.lv\/"},{"@type":"ListItem","position":2,"name":"Laboratorijas pakalpojumi"}]},{"@type":"WebSite","@id":"https:\/\/www.ventbunkers.lv\/#website","url":"https:\/\/www.ventbunkers.lv\/","name":"Ventbunkers","description":"Ventbunkers - Ventspils","potentialAction":[{"@type":"SearchAction","target":{"@type":"EntryPoint","urlTemplate":"https:\/\/www.ventbunkers.lv\/?s={search_term_string}"},"query-input":{"@type":"PropertyValueSpecification","valueRequired":true,"valueName":"search_term_string"}}],"inLanguage":"lv-LV"}]}},"_links":{"self":[{"href":"https:\/\/www.ventbunkers.lv\/index.php\/wp-json\/wp\/v2\/pages\/1078","targetHints":{"allow":["GET"]}}],"collection":[{"href":"https:\/\/www.ventbunkers.lv\/index.php\/wp-json\/wp\/v2\/pages"}],"about":[{"href":"https:\/\/www.ventbunkers.lv\/index.php\/wp-json\/wp\/v2\/types\/page"}],"author":[{"embeddable":true,"href":"https:\/\/www.ventbunkers.lv\/index.php\/wp-json\/wp\/v2\/users\/3"}],"replies":[{"embeddable":true,"href":"https:\/\/www.ventbunkers.lv\/index.php\/wp-json\/wp\/v2\/comments?post=1078"}],"version-history":[{"count":0,"href":"https:\/\/www.ventbunkers.lv\/index.php\/wp-json\/wp\/v2\/pages\/1078\/revisions"}],"wp:attachment":[{"href":"https:\/\/www.ventbunkers.lv\/index.php\/wp-json\/wp\/v2\/media?parent=1078"}],"curies":[{"name":"wp","href":"https:\/\/api.w.org\/{rel}","templated":true}]}}